{"id":201,"date":"2022-08-18T03:29:45","date_gmt":"2022-08-18T08:29:45","guid":{"rendered":"https:\/\/entomolove.com\/?post_type=product&#038;p=201"},"modified":"2025-11-04T06:37:22","modified_gmt":"2025-11-04T12:37:22","slug":"croquebichos-peces","status":"publish","type":"product","link":"https:\/\/entomolove.com\/?product=croquebichos-peces","title":{"rendered":"CROQUEBICHOS Peces"},"content":{"rendered":"<p>\u00a1Adm\u00edtelo! Tu mascota ama comer deliciosos y nutritivos bichos. Les encantan porque los insectos son parte natural de su alimentaci\u00f3n, adem\u00e1s de ser ricos y crujientes. <span class=\"Apple-converted-space\">\u00a0<\/span><\/p>\n<p>Los CROQUEBICHOS de manera natural tienen los macro y micro elementos clave que permiten a otros animales realizar sus funciones biol\u00f3gicas de crecimiento, mantenimiento y reproducci\u00f3n de manera exitosa. As\u00ed mismo, aportan compuestos que refuerzan el sistema inmune, mejorando la salud general de los animales que los consumen.<\/p>\n<p>En Entomolove criamos nuestros bichos con dedicaci\u00f3n y cari\u00f1o para que t\u00fa puedas consentir a tu amigo con un alimento sano, rico y limpio.<span class=\"Apple-converted-space\">\u00a0<\/span><\/p>\n<p>\u00bfSab\u00edas que en general el alimento para tu mascota solo tiene un 15% de prote\u00edna y muchas otras cosas que no necesita y\/o que no quieres? CROQUEBICHOS tiene 50% de prote\u00edna de alta calidad, complementado con vitaminas y nutrientes de origen natural y f\u00e1cil digesti\u00f3n, por lo que es la mejor opci\u00f3n en el mercado para tu mascota.<\/p>\n","protected":false},"excerpt":{"rendered":"<p>\u00a1Adm\u00edtelo! Tu mascota ama comer deliciosos y nutritivos bichos. Les encantan porque los insectos son parte natural de su alimentaci\u00f3n, adem\u00e1s de ser ricos y crujientes. \u00a0 Los CROQUEBICHOS de manera natural tienen los macro y micro elementos clave que permiten a otros animales realizar sus funciones biol\u00f3gicas de crecimiento, mantenimiento y reproducci\u00f3n de manera&hellip; <a class=\"more-link\" href=\"https:\/\/entomolove.com\/?product=croquebichos-peces\">Seguir leyendo <span class=\"screen-reader-text\">CROQUEBICHOS Peces<\/span><\/a><\/p>\n","protected":false},"featured_media":110,"comment_status":"open","ping_status":"closed","template":"","meta":{"om_disable_all_campaigns":false,"_monsterinsights_skip_tracking":false,"_monsterinsights_sitenote_active":false,"_monsterinsights_sitenote_note":"","_monsterinsights_sitenote_category":0},"product_cat":[28],"product_tag":[],"class_list":{"0":"post-201","1":"product","2":"type-product","3":"status-publish","4":"has-post-thumbnail","6":"product_cat-alimento-para-mascotas","7":"entry","9":"first","10":"instock","11":"shipping-taxable","12":"purchasable","13":"product-type-variable"},"_links":{"self":[{"href":"https:\/\/entomolove.com\/index.php?rest_route=\/wp\/v2\/product\/201","targetHints":{"allow":["GET"]}}],"collection":[{"href":"https:\/\/entomolove.com\/index.php?rest_route=\/wp\/v2\/product"}],"about":[{"href":"https:\/\/entomolove.com\/index.php?rest_route=\/wp\/v2\/types\/product"}],"replies":[{"embeddable":true,"href":"https:\/\/entomolove.com\/index.php?rest_route=%2Fwp%2Fv2%2Fcomments&post=201"}],"wp:featuredmedia":[{"embeddable":true,"href":"https:\/\/entomolove.com\/index.php?rest_route=\/wp\/v2\/media\/110"}],"wp:attachment":[{"href":"https:\/\/entomolove.com\/index.php?rest_route=%2Fwp%2Fv2%2Fmedia&parent=201"}],"wp:term":[{"taxonomy":"product_cat","embeddable":true,"href":"https:\/\/entomolove.com\/index.php?rest_route=%2Fwp%2Fv2%2Fproduct_cat&post=201"},{"taxonomy":"product_tag","embeddable":true,"href":"https:\/\/entomolove.com\/index.php?rest_route=%2Fwp%2Fv2%2Fproduct_tag&post=201"}],"curies":[{"name":"wp","href":"https:\/\/api.w.org\/{rel}","templated":true}]}}